{"id":9,"date":"2025-10-15T14:49:08","date_gmt":"2025-10-15T14:49:08","guid":{"rendered":"https:\/\/vitalsite.aumenta.do\/?page_id=9"},"modified":"2025-10-22T18:04:54","modified_gmt":"2025-10-22T18:04:54","slug":"langind","status":"publish","type":"page","link":"https:\/\/vitalsite.aumenta.do\/","title":{"rendered":"LANGIND"},"content":{"rendered":"<p>[et_pb_section fb_built=&#8221;1&#8243; _builder_version=&#8221;4.17.4&#8243; _module_preset=&#8221;default&#8221; global_colors_info=&#8221;{}&#8221;][et_pb_row column_structure=&#8221;1_2,1_2&#8243; _builder_version=&#8221;4.17.4&#8243; _module_preset=&#8221;default&#8221; max_width=&#8221;100%&#8221; global_colors_info=&#8221;{}&#8221;][et_pb_column type=&#8221;1_2&#8243; _builder_version=&#8221;4.17.4&#8243; _module_preset=&#8221;default&#8221; global_colors_info=&#8221;{}&#8221;][et_pb_text _builder_version=&#8221;4.27.4&#8243; _module_preset=&#8221;default&#8221; text_font=&#8221;|700|||||||&#8221; text_text_color=&#8221;#000000&#8243; text_font_size=&#8221;20px&#8221; text_line_height=&#8221;1.4em&#8221; custom_padding=&#8221;106px|||||&#8221; custom_padding_tablet=&#8221;0px||||false|false&#8221; custom_padding_phone=&#8221;0px||||false|false&#8221; custom_padding_last_edited=&#8221;on|tablet&#8221; hover_enabled=&#8221;0&#8243; text_orientation_tablet=&#8221;&#8221; text_orientation_phone=&#8221;center&#8221; text_orientation_last_edited=&#8221;on|phone&#8221; global_colors_info=&#8221;{}&#8221; sticky_enabled=&#8221;0&#8243;]Complet\u00e1 tus datos y recib\u00ed tu cup\u00f3n de Q225 de descuento para cambio de aceite al comprar 4 llantas.<br \/>\nTu c\u00f3digo llegar\u00e1 a tu correo electr\u00f3nico en un m\u00e1ximo de 24 horas.<\/p>\n<p>Aprovech\u00e1 esta promoci\u00f3n exclusiva de Vital Car Service y manten\u00e9 tu veh\u00edculo en las mejores condiciones.[\/et_pb_text][\/et_pb_column][et_pb_column type=&#8221;1_2&#8243; _builder_version=&#8221;4.17.4&#8243; _module_preset=&#8221;default&#8221; global_colors_info=&#8221;{}&#8221;][et_pb_text content_tablet=&#8221;<\/p>\n<p><span>M\u00e1s que servicio, ahorro para tu veh\u00edculo<\/span><\/p>\n<p>&#8221; content_phone=&#8221;<\/p>\n<p><span>M\u00e1s que servicio, ahorro para tu veh\u00edculo<\/span><\/p>\n<p>&#8221; content_last_edited=&#8221;on|phone&#8221; _builder_version=&#8221;4.27.4&#8243; _module_preset=&#8221;default&#8221; text_font=&#8221;|800|||||||&#8221; text_text_color=&#8221;#000000&#8243; text_font_size=&#8221;38px&#8221; text_line_height=&#8221;1em&#8221; text_orientation=&#8221;center&#8221; custom_padding=&#8221;||||false|false&#8221; hover_enabled=&#8221;0&#8243; global_colors_info=&#8221;{}&#8221; sticky_enabled=&#8221;0&#8243;]<\/p>\n<p><span>M\u00e1s que servicio, ahorro para tu veh\u00edculo<\/span><\/p>\n<p>[\/et_pb_text][et_pb_image src=&#8221;http:\/\/vitalsite.aumenta.do\/wp-content\/uploads\/2025\/10\/carro-yellow.webp&#8221; title_text=&#8221;carro-yellow&#8221; _builder_version=&#8221;4.17.4&#8243; _module_preset=&#8221;default&#8221; width=&#8221;100%&#8221; global_colors_info=&#8221;{}&#8221;][\/et_pb_image][\/et_pb_column][\/et_pb_row][\/et_pb_section][et_pb_section fb_built=&#8221;1&#8243; _builder_version=&#8221;4.17.4&#8243; _module_preset=&#8221;default&#8221; background_image=&#8221;http:\/\/vitalsite.aumenta.do\/wp-content\/uploads\/2025\/10\/wallpaper-scaled.webp&#8221; parallax=&#8221;on&#8221; custom_margin=&#8221;0px||0px||false|false&#8221; custom_padding=&#8221;0px||0px||false|false&#8221; global_colors_info=&#8221;{}&#8221;][et_pb_row column_structure=&#8221;1_2,1_2&#8243; use_custom_gutter=&#8221;on&#8221; gutter_width=&#8221;1&#8243; make_equal=&#8221;on&#8221; _builder_version=&#8221;4.17.4&#8243; _module_preset=&#8221;default&#8221; width=&#8221;100%&#8221; max_width=&#8221;100%&#8221; custom_padding=&#8221;0px||0px||false|false&#8221; global_colors_info=&#8221;{}&#8221;][et_pb_column type=&#8221;1_2&#8243; _builder_version=&#8221;4.17.4&#8243; _module_preset=&#8221;default&#8221; global_colors_info=&#8221;{}&#8221;][et_pb_text _builder_version=&#8221;4.17.4&#8243; _module_preset=&#8221;default&#8221; text_font=&#8221;|800|||||||&#8221; text_text_color=&#8221;#000000&#8243; text_font_size=&#8221;72px&#8221; text_line_height=&#8221;1em&#8221; header_font=&#8221;|800|||||||&#8221; header_text_color=&#8221;#000000&#8243; header_font_size=&#8221;104px&#8221; text_orientation=&#8221;center&#8221; custom_padding=&#8221;160px||31px|||&#8221; custom_padding_tablet=&#8221;60px||31px||false|false&#8221; custom_padding_phone=&#8221;60px||31px||false|false&#8221; custom_padding_last_edited=&#8221;on|tablet&#8221; text_font_size_tablet=&#8221;72px&#8221; text_font_size_phone=&#8221;38px&#8221; text_font_size_last_edited=&#8221;on|phone&#8221; global_colors_info=&#8221;{}&#8221;]<\/p>\n<p>Cup\u00f3n<\/p>\n<h1>Q225<\/h1>\n<p>[\/et_pb_text][et_pb_text _builder_version=&#8221;4.17.4&#8243; _module_preset=&#8221;default&#8221; text_font=&#8221;|800|||||||&#8221; text_text_color=&#8221;#000000&#8243; text_font_size=&#8221;23px&#8221; text_orientation=&#8221;center&#8221; width=&#8221;70%&#8221; module_alignment=&#8221;center&#8221; min_height=&#8221;35.8px&#8221; custom_margin=&#8221;||164px||false|false&#8221; custom_margin_tablet=&#8221;||60px||false|false&#8221; custom_margin_phone=&#8221;||60px||false|false&#8221; custom_margin_last_edited=&#8221;on|tablet&#8221; custom_padding=&#8221;||7px|6px||&#8221; text_font_size_tablet=&#8221;23px&#8221; text_font_size_phone=&#8221;17px&#8221; text_font_size_last_edited=&#8221;on|phone&#8221; border_radii=&#8221;on|1px|1px|1px|1px&#8221; border_width_all=&#8221;3px&#8221; global_colors_info=&#8221;{}&#8221;]<\/p>\n<p class=\"p1\">descuento en cambio de aceite<\/p>\n<p>[\/et_pb_text][\/et_pb_column][et_pb_column type=&#8221;1_2&#8243; _builder_version=&#8221;4.17.4&#8243; _module_preset=&#8221;default&#8221; background_image=&#8221;http:\/\/vitalsite.aumenta.do\/wp-content\/uploads\/2025\/10\/New-Project-17.webp&#8221; background_size=&#8221;stretch&#8221; positioning=&#8221;none&#8221; position_origin_a=&#8221;bottom_right&#8221; z_index=&#8221;9999999999&#8243; background_last_edited=&#8221;on|tablet&#8221; background_image_tablet=&#8221;http:\/\/vitalsite.aumenta.do\/wp-content\/uploads\/2025\/10\/Untitled-3.png&#8221; background_image_phone=&#8221;http:\/\/vitalsite.aumenta.do\/wp-content\/uploads\/2025\/10\/Untitled-3.png&#8221; background_enable_image_tablet=&#8221;on&#8221; background_enable_image_phone=&#8221;on&#8221; global_colors_info=&#8221;{}&#8221;][et_pb_text _builder_version=&#8221;4.17.4&#8243; _module_preset=&#8221;default&#8221; text_font=&#8221;|800|||||||&#8221; text_text_color=&#8221;#FFFFFF&#8221; text_font_size=&#8221;45px&#8221; text_orientation=&#8221;center&#8221; custom_margin=&#8221;||-5px|||&#8221; custom_padding=&#8221;109px|||||&#8221; global_colors_info=&#8221;{}&#8221;]<\/p>\n<p>Formulario<\/p>\n<p>[\/et_pb_text][et_pb_code _builder_version=&#8221;4.17.4&#8243; _module_preset=&#8221;default&#8221; custom_padding=&#8221;40px|77px||238px|false|false&#8221; custom_padding_tablet=&#8221;30px|50px||50px|false|false&#8221; custom_padding_phone=&#8221;||80px||false|false&#8221; custom_padding_last_edited=&#8221;on|phone&#8221; global_colors_info=&#8221;{}&#8221;]<div class=\"forminator-ui forminator-custom-form forminator-custom-form-49 forminator-design--flat  forminator_ajax\" data-forminator-render=\"0\" data-form=\"forminator-module-49\" data-uid=\"69d6ad5c25f5d\"><br\/><\/div><form\n\t\t\t\tid=\"forminator-module-49\"\n\t\t\t\tclass=\"forminator-ui forminator-custom-form forminator-custom-form-49 forminator-design--flat  forminator_ajax\"\n\t\t\t\tmethod=\"post\"\n\t\t\t\tdata-forminator-render=\"0\"\n\t\t\t\tdata-form-id=\"49\"\n\t\t\t\t\n\t\t\t\tdata-design=\"flat\"\n\t\t\t\tdata-color-option=\"theme\"\n\t\t\t\t\n\t\t\t\t\n\t\t\t\t\n\t\t\t\tdata-grid=\"open\"\n\t\t\t\t\n\t\t\t\t\n\t\t\t\tstyle=\"display: none;\"\n\t\t\t\t\n\t\t\t\tdata-uid=\"69d6ad5c25f5d\"\n\t\t\t><div role=\"alert\" aria-live=\"polite\" class=\"forminator-response-message forminator-error\" aria-hidden=\"true\"><\/div><div class=\"forminator-row\"><div id=\"name-1\" class=\"forminator-field-name forminator-col forminator-col-12 \"><div class=\"forminator-field\"><input type=\"text\" name=\"name-1\" value=\"\" placeholder=\"Nombre\" id=\"forminator-field-name-1_69d6ad5c25f5d\" class=\"forminator-input forminator-name--field\" aria-required=\"true\" \/><\/div><\/div><\/div><div class=\"forminator-row\"><div id=\"email-1\" class=\"forminator-field-email forminator-col forminator-col-12 \"><div class=\"forminator-field\"><input type=\"email\" name=\"email-1\" value=\"\" placeholder=\"Correo electr\u00f3nico\" id=\"forminator-field-email-1_69d6ad5c25f5d\" class=\"forminator-input forminator-email--field\" data-required=\"1\" aria-required=\"true\" \/><\/div><\/div><\/div><div class=\"forminator-row\"><div id=\"phone-1\" class=\"forminator-field-phone forminator-col forminator-col-12 \"><div class=\"forminator-field\"><input type=\"text\" name=\"phone-1\" value=\"\" placeholder=\"T\u00e9lefono\" id=\"forminator-field-phone-1_69d6ad5c25f5d\" class=\"forminator-input forminator-field--phone\" data-required=\"1\" aria-required=\"true\" autocomplete=\"off\" data-national_mode=\"enabled\" data-country=\"gt\" data-validation=\"standard\" \/><\/div><\/div><\/div><div class=\"forminator-row\"><div id=\"text-1\" class=\"forminator-field-text forminator-col forminator-col-12  field_code\"><div class=\"forminator-field\"><label for=\"forminator-field-text-1_69d6ad5c25f5d\" id=\"forminator-field-text-1_69d6ad5c25f5d-label\" class=\"forminator-label\">c\u00f3digo <span class=\"forminator-required\">*<\/span><\/label><input type=\"text\" name=\"text-1\" value=\"\" placeholder=\"c\u00f3digo\" id=\"forminator-field-text-1_69d6ad5c25f5d\" class=\"forminator-input forminator-name--field\" data-required=\"1\" \/><\/div><\/div><\/div><div class=\"forminator-row forminator-hidden\"><input type=\"hidden\" id=\"hidden-1_69d6ad5c25f5d\" name=\"hidden-1\" value=\"1:32:44 pm, CST\" \/><\/div><div class=\"forminator-row forminator-hidden\"><input type=\"hidden\" id=\"hidden-2_69d6ad5c25f5d\" name=\"hidden-2\" value=\"04\/08\/2026\" \/><\/div><input type=\"hidden\" name=\"referer_url\" value=\"\" \/><div class=\"forminator-row forminator-row-last\"><div class=\"forminator-col\"><div class=\"forminator-field\"><button class=\"forminator-button forminator-button-submit\">Obtener descuento<\/button><\/div><\/div><\/div><input type=\"hidden\" id=\"forminator_nonce\" name=\"forminator_nonce\" value=\"6199844391\" \/><input type=\"hidden\" name=\"_wp_http_referer\" value=\"\/index.php?rest_route=%2Fwp%2Fv2%2Fpages%2F9\" \/><input type=\"hidden\" name=\"form_id\" value=\"49\"><input type=\"hidden\" name=\"page_id\" value=\"9\"><input type=\"hidden\" name=\"form_type\" value=\"default\"><input type=\"hidden\" name=\"current_url\" value=\"https:\/\/vitalsite.aumenta.do\/\"><input type=\"hidden\" name=\"render_id\" value=\"0\"><input type=\"hidden\" name=\"action\" value=\"forminator_submit_form_custom-forms\"><\/form>[\/et_pb_code][\/et_pb_column][\/et_pb_row][\/et_pb_section][et_pb_section fb_built=&#8221;1&#8243; module_class=&#8221;llantas&#8221; _builder_version=&#8221;4.17.4&#8243; _module_preset=&#8221;default&#8221; custom_margin=&#8221;|100px||100px|false|false&#8221; custom_margin_tablet=&#8221;|100px||100px|false|false&#8221; custom_margin_phone=&#8221;|50px||50px|false|false&#8221; custom_margin_last_edited=&#8221;on|phone&#8221; custom_padding=&#8221;||||false|false&#8221; global_colors_info=&#8221;{}&#8221;][et_pb_row _builder_version=&#8221;4.17.4&#8243; _module_preset=&#8221;default&#8221; background_color=&#8221;#B3B3B3&#8243; width=&#8221;25%&#8221; max_width=&#8221;100%&#8221; min_height=&#8221;450px&#8221; custom_margin=&#8221;|10px||10px|false|false&#8221; border_radii=&#8221;on|20px|20px|20px|20px&#8221; global_colors_info=&#8221;{}&#8221;][et_pb_column type=&#8221;4_4&#8243; _builder_version=&#8221;4.17.4&#8243; _module_preset=&#8221;default&#8221; global_colors_info=&#8221;{}&#8221;][et_pb_image src=&#8221;http:\/\/vitalsite.aumenta.do\/wp-content\/uploads\/2025\/10\/llantas-dunlop-2.webp&#8221; title_text=&#8221;llantas dunlop (2)&#8221; _builder_version=&#8221;4.17.4&#8243; _module_preset=&#8221;default&#8221; width=&#8221;50%&#8221; module_alignment=&#8221;center&#8221; custom_margin=&#8221;||||false|false&#8221; custom_padding=&#8221;||||false|false&#8221; global_colors_info=&#8221;{}&#8221;][\/et_pb_image][et_pb_text _builder_version=&#8221;4.17.4&#8243; _module_preset=&#8221;default&#8221; text_font=&#8221;|800|||||||&#8221; text_text_color=&#8221;#000000&#8243; text_font_size=&#8221;26px&#8221; text_orientation=&#8221;center&#8221; custom_margin=&#8221;2px|||25px|false|false&#8221; custom_padding=&#8221;41px|||||&#8221; global_colors_info=&#8221;{}&#8221;]<\/p>\n<p class=\"p1\" style=\"font-size: smaller;\">DUNLOP SP175<\/p>\n<p>[\/et_pb_text][\/et_pb_column][\/et_pb_row][et_pb_row _builder_version=&#8221;4.17.4&#8243; _module_preset=&#8221;default&#8221; background_color=&#8221;#B3B3B3&#8243; width=&#8221;25%&#8221; max_width=&#8221;100%&#8221; min_height=&#8221;450px&#8221; custom_margin=&#8221;|10px||10px|false|false&#8221; border_radii=&#8221;on|20px|20px|20px|20px&#8221; global_colors_info=&#8221;{}&#8221;][et_pb_column type=&#8221;4_4&#8243; _builder_version=&#8221;4.17.4&#8243; _module_preset=&#8221;default&#8221; global_colors_info=&#8221;{}&#8221;][et_pb_image src=&#8221;http:\/\/vitalsite.aumenta.do\/wp-content\/uploads\/2025\/10\/llantas-dunlop-1.webp&#8221; title_text=&#8221;llantas dunlop (1)&#8221; _builder_version=&#8221;4.17.4&#8243; _module_preset=&#8221;default&#8221; width=&#8221;50%&#8221; module_alignment=&#8221;center&#8221; custom_margin=&#8221;||||false|false&#8221; custom_padding=&#8221;||||false|false&#8221; global_colors_info=&#8221;{}&#8221;][\/et_pb_image][et_pb_text _builder_version=&#8221;4.17.4&#8243; _module_preset=&#8221;default&#8221; text_font=&#8221;|800|||||||&#8221; text_text_color=&#8221;#000000&#8243; text_font_size=&#8221;26px&#8221; text_orientation=&#8221;center&#8221; custom_margin=&#8221;2px|||25px|false|false&#8221; custom_padding=&#8221;41px|||||&#8221; global_colors_info=&#8221;{}&#8221;]<\/p>\n<p class=\"p1\"  style=\"font-size: smaller;\">FALKEN SN 828<\/p>\n<p>[\/et_pb_text][\/et_pb_column][\/et_pb_row][et_pb_row _builder_version=&#8221;4.17.4&#8243; _module_preset=&#8221;default&#8221; background_color=&#8221;#B3B3B3&#8243; width=&#8221;25%&#8221; max_width=&#8221;100%&#8221; min_height=&#8221;450px&#8221; custom_margin=&#8221;|10px||10px|false|false&#8221; border_radii=&#8221;on|20px|20px|20px|20px&#8221; global_colors_info=&#8221;{}&#8221;][et_pb_column type=&#8221;4_4&#8243; _builder_version=&#8221;4.17.4&#8243; _module_preset=&#8221;default&#8221; global_colors_info=&#8221;{}&#8221;][et_pb_image src=&#8221;http:\/\/vitalsite.aumenta.do\/wp-content\/uploads\/2025\/10\/1.webp&#8221; title_text=&#8221;1&#8243; _builder_version=&#8221;4.17.4&#8243; _module_preset=&#8221;default&#8221; width=&#8221;50%&#8221; module_alignment=&#8221;center&#8221; custom_margin=&#8221;||||false|false&#8221; custom_padding=&#8221;||||false|false&#8221; global_colors_info=&#8221;{}&#8221;][\/et_pb_image][et_pb_text _builder_version=&#8221;4.17.4&#8243; _module_preset=&#8221;default&#8221; text_font=&#8221;|800|||||||&#8221; text_text_color=&#8221;#000000&#8243; text_font_size=&#8221;26px&#8221; text_orientation=&#8221;center&#8221; custom_margin=&#8221;2px|||25px|false|false&#8221; custom_padding=&#8221;41px|||||&#8221; global_colors_info=&#8221;{}&#8221;]<\/p>\n<p class=\"p1\"  style=\"font-size: smaller;\">PIRELLI SCORPION<br \/>\nALL SEASON PLUS 3<\/p>\n<p>[\/et_pb_text][\/et_pb_column][\/et_pb_row][et_pb_row _builder_version=&#8221;4.17.4&#8243; _module_preset=&#8221;default&#8221; background_color=&#8221;#B3B3B3&#8243; width=&#8221;25%&#8221; max_width=&#8221;100%&#8221; min_height=&#8221;450px&#8221; custom_margin=&#8221;|10px||10px|false|false&#8221; border_radii=&#8221;on|20px|20px|20px|20px&#8221; global_colors_info=&#8221;{}&#8221;][et_pb_column type=&#8221;4_4&#8243; _builder_version=&#8221;4.17.4&#8243; _module_preset=&#8221;default&#8221; global_colors_info=&#8221;{}&#8221;][et_pb_image src=&#8221;http:\/\/vitalsite.aumenta.do\/wp-content\/uploads\/2025\/10\/llantas-dunlop-2.webp&#8221; title_text=&#8221;llantas dunlop (2)&#8221; _builder_version=&#8221;4.17.4&#8243; _module_preset=&#8221;default&#8221; width=&#8221;50%&#8221; module_alignment=&#8221;center&#8221; custom_margin=&#8221;||||false|false&#8221; custom_padding=&#8221;||||false|false&#8221; global_colors_info=&#8221;{}&#8221;][\/et_pb_image][et_pb_text _builder_version=&#8221;4.17.4&#8243; _module_preset=&#8221;default&#8221; text_font=&#8221;|800|||||||&#8221; text_text_color=&#8221;#000000&#8243; text_font_size=&#8221;26px&#8221; text_orientation=&#8221;center&#8221; custom_margin=&#8221;2px|||25px|false|false&#8221; custom_padding=&#8221;41px|||||&#8221; global_colors_info=&#8221;{}&#8221;]<\/p>\n<p class=\"p1\"  style=\"font-size: smaller;\">DUNLOP SP175<\/p>\n<p>[\/et_pb_text][\/et_pb_column][\/et_pb_row][et_pb_row _builder_version=&#8221;4.17.4&#8243; _module_preset=&#8221;default&#8221; background_color=&#8221;#B3B3B3&#8243; width=&#8221;25%&#8221; max_width=&#8221;100%&#8221; min_height=&#8221;450px&#8221; custom_margin=&#8221;|10px||10px|false|false&#8221; border_radii=&#8221;on|20px|20px|20px|20px&#8221; global_colors_info=&#8221;{}&#8221;][et_pb_column type=&#8221;4_4&#8243; _builder_version=&#8221;4.17.4&#8243; _module_preset=&#8221;default&#8221; global_colors_info=&#8221;{}&#8221;][et_pb_image src=&#8221;http:\/\/vitalsite.aumenta.do\/wp-content\/uploads\/2025\/10\/llantas-dunlop.webp&#8221; title_text=&#8221;llantas dunlop&#8221; _builder_version=&#8221;4.17.4&#8243; _module_preset=&#8221;default&#8221; width=&#8221;50%&#8221; module_alignment=&#8221;center&#8221; custom_margin=&#8221;||||false|false&#8221; custom_padding=&#8221;||||false|false&#8221; global_colors_info=&#8221;{}&#8221;][\/et_pb_image][et_pb_text _builder_version=&#8221;4.17.4&#8243; _module_preset=&#8221;default&#8221; text_font=&#8221;|800|||||||&#8221; text_text_color=&#8221;#000000&#8243; text_font_size=&#8221;26px&#8221; text_orientation=&#8221;center&#8221; custom_margin=&#8221;2px|||25px|false|false&#8221; custom_padding=&#8221;41px|||||&#8221; global_colors_info=&#8221;{}&#8221;]<\/p>\n<p class=\"p1\"  style=\"font-size: smaller;\">MICHELIN 225\/40R19<\/p>\n<p>[\/et_pb_text][\/et_pb_column][\/et_pb_row][\/et_pb_section]<\/p>\n","protected":false},"excerpt":{"rendered":"<p>Complet\u00e1 tus datos y recib\u00ed tu cup\u00f3n de Q225 de descuento para cambio de aceite al comprar 4 llantas. Tu c\u00f3digo llegar\u00e1 a tu correo electr\u00f3nico en un m\u00e1ximo de 24 horas. Aprovech\u00e1 esta promoci\u00f3n exclusiva de Vital Car Service y manten\u00e9 tu veh\u00edculo en las mejores condiciones.M\u00e1s que servicio, ahorro para tu veh\u00edculoCup\u00f3n Q225descuento [&hellip;]<\/p>\n","protected":false},"author":1,"featured_media":0,"parent":0,"menu_order":0,"comment_status":"closed","ping_status":"closed","template":"","meta":{"_et_pb_use_builder":"on","_et_pb_old_content":"","_et_gb_content_width":"","footnotes":""},"class_list":["post-9","page","type-page","status-publish","hentry"],"_links":{"self":[{"href":"https:\/\/vitalsite.aumenta.do\/index.php?rest_route=\/wp\/v2\/pages\/9","targetHints":{"allow":["GET"]}}],"collection":[{"href":"https:\/\/vitalsite.aumenta.do\/index.php?rest_route=\/wp\/v2\/pages"}],"about":[{"href":"https:\/\/vitalsite.aumenta.do\/index.php?rest_route=\/wp\/v2\/types\/page"}],"author":[{"embeddable":true,"href":"https:\/\/vitalsite.aumenta.do\/index.php?rest_route=\/wp\/v2\/users\/1"}],"replies":[{"embeddable":true,"href":"https:\/\/vitalsite.aumenta.do\/index.php?rest_route=%2Fwp%2Fv2%2Fcomments&post=9"}],"version-history":[{"count":54,"href":"https:\/\/vitalsite.aumenta.do\/index.php?rest_route=\/wp\/v2\/pages\/9\/revisions"}],"predecessor-version":[{"id":164,"href":"https:\/\/vitalsite.aumenta.do\/index.php?rest_route=\/wp\/v2\/pages\/9\/revisions\/164"}],"wp:attachment":[{"href":"https:\/\/vitalsite.aumenta.do\/index.php?rest_route=%2Fwp%2Fv2%2Fmedia&parent=9"}],"curies":[{"name":"wp","href":"https:\/\/api.w.org\/{rel}","templated":true}]}}